{"id":701,"date":"2023-09-11T10:50:48","date_gmt":"2023-09-11T10:50:48","guid":{"rendered":"https:\/\/smallairway.com\/?page_id=701"},"modified":"2023-09-15T09:36:53","modified_gmt":"2023-09-15T09:36:53","slug":"affarside-och-vision","status":"publish","type":"page","link":"https:\/\/smallairway.com\/sv\/affarside-och-vision\/","title":{"rendered":"Business Concept and Vision"},"content":{"rendered":"<div data-elementor-type=\"wp-page\" data-elementor-id=\"701\" class=\"elementor elementor-701\">\n\t\t\t\t\t\t<section class=\"elementor-section elementor-top-section elementor-element elementor-element-4598847 elementor-section-height-min-height elementor-section-boxed elementor-section-height-default elementor-section-items-middle\" data-id=\"4598847\" data-element_type=\"section\" data-e-type=\"section\">\n\t\t\t\t\t\t<div class=\"elementor-container elementor-column-gap-default\">\n\t\t\t\t\t<div class=\"elementor-column elementor-col-100 elementor-top-column elementor-element elementor-element-fc6f91b\" data-id=\"fc6f91b\" data-element_type=\"column\" data-e-type=\"column\">\n\t\t\t<div class=\"elementor-widget-wrap elementor-element-populated\">\n\t\t\t\t\t\t<div class=\"elementor-element elementor-element-7370be9 elementor-widget elementor-widget-page-title\" data-id=\"7370be9\" data-element_type=\"widget\" data-e-type=\"widget\" data-widget_type=\"page-title.default\">\n\t\t\t\t<div class=\"elementor-widget-container\">\n\t\t\t\t\t\t\t\n\t\t<div class=\"hfe-page-title hfe-page-title-wrapper elementor-widget-heading\">\n\n\t\t\t\t\t\t\t\t<h1 class=\"elementor-heading-title elementor-size-default\">\n\t\t\t\t\t\t\t\t\n\t\t\t\tBusiness Concept and Vision  \n\t\t\t<\/h1> \n\t\t\t\t\t<\/div>\n\t\t\t\t\t\t<\/div>\n\t\t\t\t<\/div>\n\t\t\t\t<div class=\"elementor-element elementor-element-e345a99 elementor-widget elementor-widget-text-editor\" data-id=\"e345a99\" data-element_type=\"widget\" data-e-type=\"widget\" data-widget_type=\"text-editor.default\">\n\t\t\t\t<div class=\"elementor-widget-container\">\n\t\t\t\t\t\t\t\t\t<p>PExAs aff\u00e4rsid\u00e9 \u00e4r att f\u00f6rse \u00a0lungforskare med en ny, unik och icke-invasiv metod f\u00f6r enkel och tillf\u00f6rlitlig insamling av potentiella&#8230;<\/p>\t\t\t\t\t\t\t\t<\/div>\n\t\t\t\t<\/div>\n\t\t\t\t\t<\/div>\n\t\t<\/div>\n\t\t\t\t\t<\/div>\n\t\t<\/section>\n\t\t\t\t<\/div>","protected":false},"excerpt":{"rendered":"<p>PExAs aff\u00e4rsid\u00e9 \u00e4r att f\u00f6rse (this is the excerpt) lungforskare med en ny, unik och icke-invasiv metod f\u00f6r enkel och tillf\u00f6rlitlig insamling av potentiella&#8230;<\/p>","protected":false},"author":3,"featured_media":0,"parent":0,"menu_order":0,"comment_status":"closed","ping_status":"closed","template":"elementor_header_footer","meta":{"footnotes":""},"class_list":["post-701","page","type-page","status-publish","hentry"],"_links":{"self":[{"href":"https:\/\/smallairway.com\/sv\/wp-json\/wp\/v2\/pages\/701","targetHints":{"allow":["GET"]}}],"collection":[{"href":"https:\/\/smallairway.com\/sv\/wp-json\/wp\/v2\/pages"}],"about":[{"href":"https:\/\/smallairway.com\/sv\/wp-json\/wp\/v2\/types\/page"}],"author":[{"embeddable":true,"href":"https:\/\/smallairway.com\/sv\/wp-json\/wp\/v2\/users\/3"}],"replies":[{"embeddable":true,"href":"https:\/\/smallairway.com\/sv\/wp-json\/wp\/v2\/comments?post=701"}],"version-history":[{"count":19,"href":"https:\/\/smallairway.com\/sv\/wp-json\/wp\/v2\/pages\/701\/revisions"}],"predecessor-version":[{"id":845,"href":"https:\/\/smallairway.com\/sv\/wp-json\/wp\/v2\/pages\/701\/revisions\/845"}],"wp:attachment":[{"href":"https:\/\/smallairway.com\/sv\/wp-json\/wp\/v2\/media?parent=701"}],"curies":[{"name":"wp","href":"https:\/\/api.w.org\/{rel}","templated":true}]}}